{"id":419,"date":"2019-06-26T14:50:09","date_gmt":"2019-06-26T12:50:09","guid":{"rendered":"https:\/\/noblessner.ee\/?page_id=419"},"modified":"2023-05-22T11:21:57","modified_gmt":"2023-05-22T09:21:57","slug":"location-parking","status":"publish","type":"page","link":"https:\/\/noblessner.ee\/en\/explore-noblessner\/location-parking\/","title":{"rendered":"Location &#038; parking"},"content":{"rendered":"<div class=\"c-body__location\"><div class=\"c-map\" data-hook=\"js-map\" data-assets=\"https:\\\/\\\/noblessner.ee\\\/wp-content\\\/themes\\\/noblessner\\\/resources\"><div class=\"c-map__marker\" data-hook=\"js-map-marker\" data-lat=\"59.45225199999999\" data-lng=\"24.728786000000014\"><\/div><\/div><\/div>\n<p><strong>By car:<\/strong><\/p>\n<p>Take Kalaranna tee from the centre; after the Seaplane Harbour and the white boxy building of eu-LISA, turn right to Lennusadama St, then left to Allveelaeva St. This is where the territory of the Noblessner district begins. If you arrive by T\u00f6\u00f6stuse St, turn downhill toward the sea to Peetri St from the building at 48, T\u00f6\u00f6stuse St.<\/p>\n<p><strong>By public transport:<\/strong><\/p>\n<p>You can get to Noblessner by bus No.\u00a073. Get off at \u2018Noblessneri\u2019. There are stairs down to Noblessner right near the flyover.<br \/>\nAlternatively, bus No.\u00a03 will take you to \u2018Kungla\u2019 stop at T\u00f6\u00f6stuse street. Continue along the street for about 100\u00a0metres and after you have passed the park, turn down to Peetri street. The territory of Noblessner begins here.<\/p>\n<p><strong>By bicycle:<\/strong><\/p>\n<p>Noblessner can be conveniently reached by bicycle and scooter from Allveelaeva St. and Peetri St.; a wide cycle and pedestrian track goes directly to Noblessner from the Noblessner bus stop on Kalaranna St.<\/p>\n<p><strong>By taxi:<\/strong><\/p>\n<p>The ride will cost you about \u20ac5 from the city centre.<\/p>\n<p><a class=\"c-body__image m-landscape m-none m-hide-caption\" href=\"https:\/\/noblessner.ee\/wp-content\/uploads\/NBL_kaart.jpg\" data-hook=\"js-body-image\" data-id=\"1426\" data-caption=\"\" data-mode=\"m-landscape \"><img loading=\"lazy\" class=\"alignnone size-large wp-image-1426\" src=\"https:\/\/noblessner.ee\/wp-content\/uploads\/\/NBL_kaart-1024x1004.jpg\" alt=\"\" width=\"1024\" height=\"1004\" srcset=\"https:\/\/noblessner.ee\/wp-content\/uploads\/NBL_kaart-1024x1004.jpg 1024w, https:\/\/noblessner.ee\/wp-content\/uploads\/NBL_kaart-300x294.jpg 300w, https:\/\/noblessner.ee\/wp-content\/uploads\/NBL_kaart-768x753.jpg 768w, https:\/\/noblessner.ee\/wp-content\/uploads\/NBL_kaart-1536x1506.jpg 1536w, https:\/\/noblessner.ee\/wp-content\/uploads\/NBL_kaart-1344x1317.jpg 1344w, https:\/\/noblessner.ee\/wp-content\/uploads\/NBL_kaart-1800x1764.jpg 1800w, https:\/\/noblessner.ee\/wp-content\/uploads\/NBL_kaart.jpg 1920w\" sizes=\"(max-width: 1024px) 100vw, 1024px\" \/><\/a><\/p>\n<h3>Parking in the Noblessner district<\/h3>\n<p>The parking rules in the Noblessner district are as follows:<\/p>\n<p class=\"p1\"><strong><span class=\"s1\">Zone EP142:<\/span><\/strong><\/p>\n<ul>\n<li><span class=\"s1\">15 min free with a parking clock<\/span><\/li>\n<li>1 h \u2013 \u20ac 2 (calculated by 30 min)<\/li>\n<li>24 h \u2013 \u20ac 10<\/li>\n<li>month \u2013 \u20ac 60<\/li>\n<\/ul>\n<p class=\"p1\"><strong><span class=\"s1\">Zone EP143:<\/span><\/strong><\/p>\n<ul>\n<li class=\"p1\"><span class=\"s1\">15 min free with a parking clock<\/span><\/li>\n<li class=\"p1\">1 h \u2013 \u20ac 2 (calculated by 30 min)<\/li>\n<li class=\"p1\">24 h \u2013 \u20ac 10<\/li>\n<li class=\"p1\">month \u2013 \u20ac 60<\/li>\n<\/ul>\n<p class=\"p1\"><strong><span class=\"s1\">Zone EP91:<\/span><\/strong><\/p>\n<ul>\n<li class=\"p1\"><span class=\"s1\">15 min free with a parking clock<\/span><\/li>\n<li class=\"p1\">1 h \u2013 \u20ac 5 (calculated by 30 min)<\/li>\n<li class=\"p1\">24 h \u2013 \u20ac 15<\/li>\n<li class=\"p1\">month \u2013 not applicable<\/li>\n<\/ul>\n<p class=\"p1\"><strong><span class=\"s1\">Zone EP139:<\/span><\/strong><\/p>\n<ul>\n<li class=\"p1\"><span class=\"s1\">15 min free with a parking clock<\/span><\/li>\n<li class=\"p1\">1 h \u2013 \u20ac 2 (calculated by 30 min)<\/li>\n<li class=\"p1\">24 h \u2013 \u20ac 10<\/li>\n<li class=\"p1\">month \u2013 \u20ac 60<\/li>\n<\/ul>\n<p class=\"p1\"><strong><span class=\"s1\">Zone EP182:<\/span><\/strong><\/p>\n<ul>\n<li class=\"p1\"><span class=\"s1\">15 min free with a parking clock<\/span><\/li>\n<li class=\"p1\">1 h \u2013 \u20ac 5 (calculated by 30 min)<\/li>\n<li class=\"p1\">24 h \u2013 \u20ac 15<\/li>\n<li class=\"p1\">month \u2013 not applicable<\/li>\n<\/ul>\n<p><a class=\"c-body__image m-landscape m-none m-hide-caption\" href=\"https:\/\/noblessner.ee\/wp-content\/uploads\/Parkimistsoonid-juuni-2021.jpg\" data-hook=\"js-body-image\" data-id=\"2403\" data-caption=\"\" data-mode=\"m-landscape \"><img loading=\"lazy\" class=\"alignnone size-full wp-image-2403\" src=\"https:\/\/noblessner.ee\/wp-content\/uploads\/Parkimistsoonid-juuni-2021.jpg\" alt=\"\" width=\"1920\" height=\"1478\" srcset=\"https:\/\/noblessner.ee\/wp-content\/uploads\/Parkimistsoonid-juuni-2021.jpg 1920w, https:\/\/noblessner.ee\/wp-content\/uploads\/Parkimistsoonid-juuni-2021-300x231.jpg 300w, https:\/\/noblessner.ee\/wp-content\/uploads\/Parkimistsoonid-juuni-2021-1024x788.jpg 1024w, https:\/\/noblessner.ee\/wp-content\/uploads\/Parkimistsoonid-juuni-2021-768x591.jpg 768w, https:\/\/noblessner.ee\/wp-content\/uploads\/Parkimistsoonid-juuni-2021-1536x1182.jpg 1536w, https:\/\/noblessner.ee\/wp-content\/uploads\/Parkimistsoonid-juuni-2021-1344x1035.jpg 1344w, https:\/\/noblessner.ee\/wp-content\/uploads\/Parkimistsoonid-juuni-2021-1800x1386.jpg 1800w\" sizes=\"(max-width: 1920px) 100vw, 1920px\" \/><\/a><\/p>\n<p class=\"p1\"><span class=\"s1\">When parking, please read the notices on the bulletin boards in the marina district. Mobile parking can be used for short-term parking, please observe the signs in the parking lots (different zones and prices). A monthly card can be obtained from the Europark website for longer-term parking.<\/span><\/p>\n<p class=\"p1\"><span class=\"s1\">More information is available from the Europark free customer support line +372 661 0223<\/span><\/p>\n","protected":false},"excerpt":{"rendered":"<p>By car: Take Kalaranna tee from the centre; after the Seaplane Harbour and the white boxy building of eu-LISA, turn \u2026<\/p>\n","protected":false},"author":1,"featured_media":0,"parent":417,"menu_order":0,"comment_status":"closed","ping_status":"closed","template":"","meta":[],"acf":[],"_links":{"self":[{"href":"https:\/\/noblessner.ee\/en\/wp-json\/wp\/v2\/pages\/419"}],"collection":[{"href":"https:\/\/noblessner.ee\/en\/wp-json\/wp\/v2\/pages"}],"about":[{"href":"https:\/\/noblessner.ee\/en\/wp-json\/wp\/v2\/types\/page"}],"author":[{"embeddable":true,"href":"https:\/\/noblessner.ee\/en\/wp-json\/wp\/v2\/users\/1"}],"replies":[{"embeddable":true,"href":"https:\/\/noblessner.ee\/en\/wp-json\/wp\/v2\/comments?post=419"}],"version-history":[{"count":6,"href":"https:\/\/noblessner.ee\/en\/wp-json\/wp\/v2\/pages\/419\/revisions"}],"predecessor-version":[{"id":2863,"href":"https:\/\/noblessner.ee\/en\/wp-json\/wp\/v2\/pages\/419\/revisions\/2863"}],"up":[{"embeddable":true,"href":"https:\/\/noblessner.ee\/en\/wp-json\/wp\/v2\/pages\/417"}],"wp:attachment":[{"href":"https:\/\/noblessner.ee\/en\/wp-json\/wp\/v2\/media?parent=419"}],"curies":[{"name":"wp","href":"https:\/\/api.w.org\/{rel}","templated":true}]}}